{"id":20,"date":"2026-05-11T18:01:03","date_gmt":"2026-05-11T11:01:03","guid":{"rendered":"https:\/\/98win.photo\/?page_id=20"},"modified":"2026-05-12T16:26:27","modified_gmt":"2026-05-12T09:26:27","slug":"98win","status":"publish","type":"page","link":"https:\/\/98win.photo\/","title":{"rendered":"98win"},"content":{"rendered":"<div class=\"slider-wrapper relative\" id=\"slider-1999468533\" >\n    <div class=\"slider slider-nav-circle slider-nav-large slider-nav-light slider-style-normal\"\n        data-flickity-options='{\n            \"cellAlign\": \"center\",\n            \"imagesLoaded\": true,\n            \"lazyLoad\": 1,\n            \"freeScroll\": false,\n            \"wrapAround\": true,\n            \"autoPlay\": 6000,\n            \"pauseAutoPlayOnHover\" : true,\n            \"prevNextButtons\": true,\n            \"contain\" : true,\n            \"adaptiveHeight\" : true,\n            \"dragThreshold\" : 10,\n            \"percentPosition\": true,\n            \"pageDots\": true,\n            \"rightToLeft\": false,\n            \"draggable\": true,\n            \"selectedAttraction\": 0.1,\n            \"parallax\" : 0,\n            \"friction\": 0.6        }'\n        >\n        \n\t<div class=\"img has-hover x md-x lg-x y md-y lg-y\" id=\"image_1699400674\">\n\t\t\t\t\t\t\t\t<div class=\"img-inner dark\" >\n\t\t\t<img loading=\"lazy\" decoding=\"async\" width=\"1020\" height=\"300\" src=\"https:\/\/98win.photo\/wp-content\/uploads\/2026\/05\/1020x300-8.webp\" class=\"attachment-original size-original\" alt=\"banner 98win\" srcset=\"https:\/\/98win.photo\/wp-content\/uploads\/2026\/05\/1020x300-8.webp 1020w, https:\/\/98win.photo\/wp-content\/uploads\/2026\/05\/1020x300-8-300x88.webp 300w, https:\/\/98win.photo\/wp-content\/uploads\/2026\/05\/1020x300-8-768x226.webp 768w\" sizes=\"auto, (max-width: 1020px) 100vw, 1020px\" \/>\t\t\t\t\t\t\n\t\t\t\t\t<\/div>\n\t\t\t\t\t\t\t\t\n<style>\n#image_1699400674 {\n  width: 100%;\n}\n<\/style>\n\t<\/div>\n\t\n     <\/div>\n\n     <div class=\"loading-spin dark large centered\"><\/div>\n\n\t<\/div>\n\n\n\n\t<section class=\"section\" id=\"section_1089008691\">\n\t\t<div class=\"section-bg fill\" >\n\t\t\t\t\t\t\t\t\t\n\t\t\t\n\n\t\t<\/div>\n\n\t\t\n\n\t\t<div class=\"section-content relative\">\n\t\t\t\n<div class=\"container section-title-container\" ><h1 class=\"section-title section-title-center\"><b aria-hidden=\"true\"><\/b><span class=\"section-title-main\" >98WIN - 98WIN.PHOTO | TRANG CH\u1ee6 98WIN.COM CH\u00cdNH TH\u1ee8C +98K<\/span><b aria-hidden=\"true\"><\/b><\/h1><\/div>\n<div class=\"row\"  id=\"row-1917914494\">\n\n\t<div id=\"col-1869563433\" class=\"col rut-gon-bai small-12 large-12\"  >\n\t\t\t\t<div class=\"col-inner\"  >\n\t\t\t\n\t\t\t\n<p><a href=\"https:\/\/98win.photo\/\">98WIN<\/a> l\u00e0 n\u1ec1n t\u1ea3ng gi\u1ea3i tr\u00ed tr\u1ef1c tuy\u1ebfn \u0111ang thu h\u00fat \u0111\u00f4ng \u0111\u1ea3o ng\u01b0\u1eddi d\u00f9ng nh\u1edd h\u1ec7 th\u1ed1ng hi\u1ec7n \u0111\u1ea1i, thao t\u00e1c \u0111\u01a1n gi\u1ea3n v\u00e0 tr\u1ea3i nghi\u1ec7m \u1ed5n \u0111\u1ecbnh tr\u00ean nhi\u1ec1u thi\u1ebft b\u1ecb. Kh\u00f4ng ch\u1ec9 ch\u00fa tr\u1ecdng t\u1ed1c \u0111\u1ed9 truy c\u1eadp, 98Win c\u00f2n li\u00ean t\u1ee5c n\u00e2ng c\u1ea5p d\u1ecbch v\u1ee5 nh\u1eb1m mang \u0111\u1ebfn kh\u00f4ng gian gi\u1ea3i tr\u00ed ti\u1ec7n l\u1ee3i, \u0111\u00e1p \u1ee9ng nhu c\u1ea7u ng\u00e0y c\u00e0ng cao c\u1ee7a ng\u01b0\u1eddi ch\u01a1i hi\u1ec7n nay<\/p>\n<p data-start=\"555\" data-end=\"1092\">M\u1ed9t trong nh\u1eefng \u01b0u \u0111i\u1ec3m gi\u00fap <span class=\"hover:entity-accent entity-underline inline cursor-pointer align-baseline\"><span class=\"whitespace-normal\">98Win<\/span><\/span> t\u1ea1o \u0111\u01b0\u1ee3c s\u1ee9c h\u00fat ch\u00ednh l\u00e0 giao di\u1ec7n \u0111\u01b0\u1ee3c thi\u1ebft k\u1ebf th\u00e2n thi\u1ec7n v\u1edbi ng\u01b0\u1eddi d\u00f9ng. Ngay c\u1ea3 nh\u1eefng ng\u01b0\u1eddi m\u1edbi ti\u1ebfp c\u1eadn c\u0169ng c\u00f3 th\u1ec3 d\u1ec5 d\u00e0ng thao t\u00e1c, t\u00ecm ki\u1ebfm th\u00f4ng tin v\u00e0 s\u1eed d\u1ee5ng c\u00e1c t\u00ednh n\u0103ng ch\u1ec9 sau v\u00e0i b\u01b0\u1edbc c\u01a1 b\u1ea3n. H\u1ec7 th\u1ed1ng \u0111\u01b0\u1ee3c t\u1ed1i \u01b0u h\u00f3a cho c\u1ea3 n\u1ec1n t\u1ea3ng di \u0111\u1ed9ng l\u1eabn m\u00e1y t\u00ednh, gi\u00fap ng\u01b0\u1eddi d\u00f9ng c\u00f3 th\u1ec3 truy c\u1eadp m\u1ecdi l\u00fac, m\u1ecdi n\u01a1i m\u00e0 v\u1eabn \u0111\u1ea3m b\u1ea3o t\u1ed1c \u0111\u1ed9 \u1ed5n \u0111\u1ecbnh. Ngo\u00e0i ra, c\u00e1ch b\u1ed1 tr\u00ed khoa h\u1ecdc c\u00f9ng m\u00e0u s\u1eafc hi\u1ec7n \u0111\u1ea1i c\u0169ng g\u00f3p ph\u1ea7n t\u1ea1o n\u00ean tr\u1ea3i nghi\u1ec7m tr\u1ef1c quan v\u00e0 chuy\u00ean nghi\u1ec7p h\u01a1n.<\/p>\n<p data-start=\"1094\" data-end=\"1619\">Kh\u00f4ng ch\u1ec9 t\u1eadp trung v\u00e0o y\u1ebfu t\u1ed1 giao di\u1ec7n, 98Win c\u00f2n ch\u00fa tr\u1ecdng n\u00e2ng cao hi\u1ec7u su\u1ea5t ho\u1ea1t \u0111\u1ed9ng c\u1ee7a h\u1ec7 th\u1ed1ng. N\u1ec1n t\u1ea3ng th\u01b0\u1eddng xuy\u00ean c\u1eadp nh\u1eadt c\u00f4ng ngh\u1ec7 m\u1edbi nh\u1eb1m c\u1ea3i thi\u1ec7n t\u1ed1c \u0111\u1ed9 x\u1eed l\u00fd, h\u1ea1n ch\u1ebf t\u00ecnh tr\u1ea1ng gi\u00e1n \u0111o\u1ea1n v\u00e0 t\u0103ng c\u01b0\u1eddng t\u00ednh \u1ed5n \u0111\u1ecbnh trong qu\u00e1 tr\u00ecnh s\u1eed d\u1ee5ng. \u0110\u00e2y \u0111\u01b0\u1ee3c xem l\u00e0 y\u1ebfu t\u1ed1 quan tr\u1ecdng gi\u00fap gi\u1eef ch\u00e2n ng\u01b0\u1eddi d\u00f9ng trong m\u00f4i tr\u01b0\u1eddng tr\u1ef1c tuy\u1ebfn c\u00f3 t\u00ednh c\u1ea1nh tranh cao nh\u01b0 hi\u1ec7n nay. B\u00ean c\u1ea1nh \u0111\u00f3, kh\u1ea3 n\u0103ng t\u01b0\u01a1ng th\u00edch v\u1edbi nhi\u1ec1u thi\u1ebft b\u1ecb v\u00e0 tr\u00ecnh duy\u1ec7t kh\u00e1c nhau c\u0169ng gi\u00fap ng\u01b0\u1eddi d\u00f9ng c\u00f3 tr\u1ea3i nghi\u1ec7m linh ho\u1ea1t h\u01a1n khi truy c\u1eadp.<\/p>\n<p data-start=\"1621\" data-end=\"2034\">M\u1ed9t \u0111i\u1ec3m n\u1ed5i b\u1eadt kh\u00e1c c\u1ee7a <span class=\"hover:entity-accent entity-underline inline cursor-pointer align-baseline\"><span class=\"whitespace-normal\">98Win<\/span><\/span> l\u00e0 h\u1ec7 th\u1ed1ng h\u1ed7 tr\u1ee3 ng\u01b0\u1eddi d\u00f9ng \u0111\u01b0\u1ee3c x\u00e2y d\u1ef1ng theo h\u01b0\u1edbng nhanh ch\u00f3ng v\u00e0 ti\u1ec7n l\u1ee3i. Ng\u01b0\u1eddi d\u00f9ng c\u00f3 th\u1ec3 d\u1ec5 d\u00e0ng t\u00ecm ki\u1ebfm th\u00f4ng tin c\u1ea7n thi\u1ebft ho\u1eb7c nh\u1eadn h\u1ed7 tr\u1ee3 khi g\u1eb7p v\u1ea5n \u0111\u1ec1 trong qu\u00e1 tr\u00ecnh s\u1eed d\u1ee5ng. Vi\u1ec7c ch\u00fa tr\u1ecdng \u0111\u1ebfn tr\u1ea3i nghi\u1ec7m kh\u00e1ch h\u00e0ng cho th\u1ea5y n\u1ec1n t\u1ea3ng n\u00e0y \u0111ang h\u01b0\u1edbng \u0111\u1ebfn s\u1ef1 chuy\u00ean nghi\u1ec7p v\u00e0 x\u00e2y d\u1ef1ng c\u1ed9ng \u0111\u1ed3ng ng\u01b0\u1eddi d\u00f9ng \u1ed5n \u0111\u1ecbnh trong th\u1eddi gian d\u00e0i.<\/p>\n<p data-start=\"2036\" data-end=\"2400\">Ngo\u00e0i ra, y\u1ebfu t\u1ed1 b\u1ea3o m\u1eadt c\u0169ng l\u00e0 m\u1ed9t trong nh\u1eefng v\u1ea5n \u0111\u1ec1 \u0111\u01b0\u1ee3c nhi\u1ec1u ng\u01b0\u1eddi d\u00f9ng quan t\u00e2m khi l\u1ef1a ch\u1ecdn n\u1ec1n t\u1ea3ng gi\u1ea3i tr\u00ed tr\u1ef1c tuy\u1ebfn. 98Win li\u00ean t\u1ee5c n\u00e2ng c\u1ea5p h\u1ec7 th\u1ed1ng nh\u1eb1m t\u0103ng kh\u1ea3 n\u0103ng b\u1ea3o v\u1ec7 th\u00f4ng tin c\u00e1 nh\u00e2n v\u00e0 t\u1ed1i \u01b0u s\u1ef1 an to\u00e0n cho ng\u01b0\u1eddi d\u00f9ng trong qu\u00e1 tr\u00ecnh truy c\u1eadp. \u0110i\u1ec1u n\u00e0y g\u00f3p ph\u1ea7n t\u1ea1o n\u00ean s\u1ef1 y\u00ean t\u00e2m v\u00e0 n\u00e2ng cao \u0111\u1ed9 tin c\u1eady \u0111\u1ed1i v\u1edbi c\u1ed9ng \u0111\u1ed3ng s\u1eed d\u1ee5ng n\u1ec1n t\u1ea3ng.<\/p>\n<p data-start=\"2402\" data-end=\"2772\" data-is-last-node=\"\" data-is-only-node=\"\">V\u1edbi nh\u1eefng \u01b0u \u0111i\u1ec3m v\u1ec1 giao di\u1ec7n, t\u1ed1c \u0111\u1ed9 x\u1eed l\u00fd, t\u00ednh \u1ed5n \u0111\u1ecbnh v\u00e0 kh\u1ea3 n\u0103ng t\u1ed1i \u01b0u tr\u1ea3i nghi\u1ec7m ng\u01b0\u1eddi d\u00f9ng, <span class=\"hover:entity-accent entity-underline inline cursor-pointer align-baseline\"><span class=\"whitespace-normal\">98Win<\/span><\/span> \u0111ang d\u1ea7n kh\u1eb3ng \u0111\u1ecbnh v\u1ecb th\u1ebf trong l\u0129nh v\u1ef1c gi\u1ea3i tr\u00ed tr\u1ef1c tuy\u1ebfn hi\u1ec7n nay. S\u1ef1 \u0111\u1ed5i m\u1edbi li\u00ean t\u1ee5c c\u00f9ng \u0111\u1ecbnh h\u01b0\u1edbng ph\u00e1t tri\u1ec3n hi\u1ec7n \u0111\u1ea1i \u0111\u01b0\u1ee3c xem l\u00e0 n\u1ec1n t\u1ea3ng gi\u00fap th\u01b0\u01a1ng hi\u1ec7u n\u00e0y ti\u1ebfp t\u1ee5c thu h\u00fat th\u00eam nhi\u1ec1u ng\u01b0\u1eddi d\u00f9ng trong th\u1eddi gian t\u1edbi.<\/p>\n\t\t<\/div>\n\t\t\t\t\t<\/div>\n\n\t\n<\/div>\n\t\t<\/div>\n\n\t\t\n<style>\n#section_1089008691 {\n  padding-top: 30px;\n  padding-bottom: 30px;\n}\n<\/style>\n\t<\/section>\n\t\n\n\t<section class=\"section\" id=\"section_326364424\">\n\t\t<div class=\"section-bg fill\" >\n\t\t\t\t\t\t\t\t\t\n\t\t\t\n\n\t\t<\/div>\n\n\t\t\n\n\t\t<div class=\"section-content relative\">\n\t\t\t\n<div class=\"row\"  id=\"row-866169792\">\n\n\t<div id=\"col-2145935959\" class=\"col medium-6 small-12 large-6\"  >\n\t\t\t\t<div class=\"col-inner\"  >\n\t\t\t\n\t\t\t\n<div class=\"container section-title-container\" ><h3 class=\"section-title section-title-center\"><b aria-hidden=\"true\"><\/b><span class=\"section-title-main\" >T\u1ea2I \u1ee8NG D\u1ee4NG MOBIFONE 98WIN<\/span><b aria-hidden=\"true\"><\/b><\/h3><\/div>\n<p>C\u00e0i \u0111\u1eb7t ngay \u1ee9ng d\u1ee5ng <span style=\"color: #ffff00;\"><strong>98WIN<\/strong><\/span>\u00a0tr\u00ean \u0111i\u1ec7n tho\u1ea1i <span style=\"color: #ffff00;\">IOS<\/span> ho\u1eb7c <span style=\"color: #ffff00;\">Android<\/span> \u0111\u1ec3 t\u1eadn h\u01b0\u1edfng tr\u1ea3i nghi\u1ec7m gi\u1ea3i tr\u00ed m\u01b0\u1ee3t m\u00e0, t\u1ed1c \u0111\u1ed9 \u1ed5n \u0111\u1ecbnh v\u00e0 kh\u1ea3 n\u0103ng b\u1ea3o m\u1eadt t\u1ed1i \u01b0u. \u1ee8ng d\u1ee5ng t\u00edch h\u1ee3p \u0111a d\u1ea1ng chuy\u00ean m\u1ee5c h\u1ea5p d\u1eabn nh\u01b0 <span style=\"color: #ffff00;\"><strong>N\u1ed5 H\u0169<\/strong><\/span>, <span style=\"color: #ffff00;\"><strong>B\u1eafn C\u00e1<\/strong><\/span>, <span style=\"color: #ffff00;\"><strong>Th\u1ec3 Thao<\/strong><\/span>, <span style=\"color: #ffff00;\"><strong>E-Sports<\/strong><\/span>, <span style=\"color: #ffff00;\"><strong>\u0110\u00e1 G\u00e0<\/strong><\/span> v\u00e0 <span style=\"color: #ffff00;\"><strong>X\u1ed5 S\u1ed1<\/strong><\/span>, gi\u00fap ng\u01b0\u1eddi d\u00f9ng d\u1ec5 d\u00e0ng truy c\u1eadp v\u00e0 gi\u1ea3i tr\u00ed m\u1ecdi l\u00fac m\u1ecdi n\u01a1i ch\u1ec9 v\u1edbi v\u00e0i thao t\u00e1c \u0111\u01a1n gi\u1ea3n.<\/p>\n<div class=\"row\"  id=\"row-1833826158\">\n\n\t<div id=\"col-1122520999\" class=\"col medium-6 small-12 large-6\"  >\n\t\t\t\t<div class=\"col-inner\"  >\n\t\t\t\n\t\t\t\n\t<div class=\"img has-hover x md-x lg-x y md-y lg-y\" id=\"image_2013050372\">\n\t\t\t\t\t\t\t\t<div class=\"img-inner dark\" >\n\t\t\t<img loading=\"lazy\" decoding=\"async\" width=\"437\" height=\"169\" src=\"https:\/\/98win.photo\/wp-content\/uploads\/2026\/05\/gift1.gif\" class=\"attachment-original size-original\" alt=\"t\u1ea3i \u1ee9ng d\u1ee5ng ios 98win\" \/>\t\t\t\t\t\t\n\t\t\t\t\t<\/div>\n\t\t\t\t\t\t\t\t\n<style>\n#image_2013050372 {\n  width: 100%;\n}\n<\/style>\n\t<\/div>\n\t\n\t\t<\/div>\n\t\t\t\t\t<\/div>\n\n\t\n\n\t<div id=\"col-8287761\" class=\"col medium-6 small-12 large-6\"  >\n\t\t\t\t<div class=\"col-inner\"  >\n\t\t\t\n\t\t\t\n\t<div class=\"img has-hover x md-x lg-x y md-y lg-y\" id=\"image_158100973\">\n\t\t\t\t\t\t\t\t<div class=\"img-inner dark\" >\n\t\t\t<img loading=\"lazy\" decoding=\"async\" width=\"437\" height=\"169\" src=\"https:\/\/98win.photo\/wp-content\/uploads\/2026\/05\/gift2.gif\" class=\"attachment-original size-original\" alt=\"t\u1ea3i \u1ee9ng d\u1ee5ng android 98win\" \/>\t\t\t\t\t\t\n\t\t\t\t\t<\/div>\n\t\t\t\t\t\t\t\t\n<style>\n#image_158100973 {\n  width: 100%;\n}\n<\/style>\n\t<\/div>\n\t\n\t\t<\/div>\n\t\t\t\t\t<\/div>\n\n\t\n<\/div>\n\t\t<\/div>\n\t\t\t\t\t<\/div>\n\n\t\n\n\t<div id=\"col-651658673\" class=\"col medium-6 small-12 large-6\"  >\n\t\t\t\t<div class=\"col-inner\"  >\n\t\t\t\n\t\t\t\n\t<div class=\"img has-hover x md-x lg-x y md-y lg-y\" id=\"image_1425453420\">\n\t\t\t\t\t\t\t\t<div class=\"img-inner dark\" >\n\t\t\t<img loading=\"lazy\" decoding=\"async\" width=\"672\" height=\"616\" src=\"https:\/\/98win.photo\/wp-content\/uploads\/2026\/05\/mockup-98win.png\" class=\"attachment-original size-original\" alt=\"mockup 98win\" srcset=\"https:\/\/98win.photo\/wp-content\/uploads\/2026\/05\/mockup-98win.png 672w, https:\/\/98win.photo\/wp-content\/uploads\/2026\/05\/mockup-98win-300x275.png 300w\" sizes=\"auto, (max-width: 672px) 100vw, 672px\" \/>\t\t\t\t\t\t\n\t\t\t\t\t<\/div>\n\t\t\t\t\t\t\t\t\n<style>\n#image_1425453420 {\n  width: 100%;\n}\n<\/style>\n\t<\/div>\n\t\n\t\t<\/div>\n\t\t\t\t\t<\/div>\n\n\t\n<\/div>\n\t\t<\/div>\n\n\t\t\n<style>\n#section_326364424 {\n  padding-top: 30px;\n  padding-bottom: 30px;\n}\n<\/style>\n\t<\/section>\n\t\n\n\t<section class=\"section\" id=\"section_1257884188\">\n\t\t<div class=\"section-bg fill\" >\n\t\t\t\t\t\t\t\t\t\n\t\t\t\n\n\t\t<\/div>\n\n\t\t\n\n\t\t<div class=\"section-content relative\">\n\t\t\t\n<div class=\"row\"  id=\"row-2104277937\">\n\n\t<div id=\"col-2132085473\" class=\"col small-12 large-12\"  >\n\t\t\t\t<div class=\"col-inner\"  >\n\t\t\t\n\t\t\t\n<div class=\"container section-title-container\" ><h3 class=\"section-title section-title-normal\"><b aria-hidden=\"true\"><\/b><span class=\"section-title-main\" >C\u00c1C B\u00c0I VI\u1ebeT M\u1edaI NH\u1ea4T 98WIN<\/span><b aria-hidden=\"true\"><\/b><\/h3><\/div>\n\n  \n    <div class=\"row large-columns-4 medium-columns-3 small-columns-1 slider row-slider slider-nav-reveal slider-nav-push\"  data-flickity-options='{&quot;imagesLoaded&quot;: true, &quot;groupCells&quot;: &quot;100%&quot;, &quot;dragThreshold&quot; : 5, &quot;cellAlign&quot;: &quot;left&quot;,&quot;wrapAround&quot;: true,&quot;prevNextButtons&quot;: true,&quot;percentPosition&quot;: true,&quot;pageDots&quot;: false, &quot;rightToLeft&quot;: false, &quot;autoPlay&quot; : false}' >\n\n  <div class=\"col post-item\" >\n\t\t\t<div class=\"col-inner\">\n\t\t\t\t<div class=\"box box-bounce box-text-bottom box-blog-post has-hover\">\n          \t\t\t\t\t<div class=\"box-text text-center\" >\n\t\t\t\t\t<div class=\"box-text-inner blog-post-inner\">\n\n\t\t\t\t\t\n\t\t\t\t\t\t\t\t\t\t<h5 class=\"post-title is-large \">\n\t\t\t\t\t\t<a href=\"https:\/\/98win.photo\/?p=1\" class=\"plain\">Hello world!<\/a>\n\t\t\t\t\t<\/h5>\n\t\t\t\t\t<div class=\"post-meta is-small op-8\">Th\u00e1ng 5 11, 2026<\/div>\t\t\t\t\t<div class=\"is-divider\"><\/div>\n\t\t\t\t\t\t\t\t\t\t<p class=\"from_the_blog_excerpt \">\n\t\t\t\t\t\tWelcome to WordPress. This is your first post. Edit or delete it, then start writing!\t\t\t\t\t<\/p>\n\t\t\t\t\t                                            <p class=\"from_the_blog_comments uppercase is-xsmall\">\n                            1 B\u00ecnh lu\u1eadn                        <\/p>\n                    \n\t\t\t\t\t\n\t\t\t\t\t\n\t\t\t\t\t<\/div>\n\t\t\t\t\t<\/div>\n\t\t\t\t\t\t\t\t\t<\/div>\n\t\t\t<\/div>\n\t\t<\/div><\/div>\n\t\t<\/div>\n\t\t\t\t\t<\/div>\n\n\t\n<\/div>\n\t\t<\/div>\n\n\t\t\n<style>\n#section_1257884188 {\n  padding-top: 30px;\n  padding-bottom: 30px;\n}\n<\/style>\n\t<\/section>\n\t\n","protected":false},"excerpt":{"rendered":"","protected":false},"author":1,"featured_media":0,"parent":0,"menu_order":0,"comment_status":"closed","ping_status":"closed","template":"page-blank.php","meta":{"footnotes":""},"class_list":["post-20","page","type-page","status-publish","hentry"],"_links":{"self":[{"href":"https:\/\/98win.photo\/index.php?rest_route=\/wp\/v2\/pages\/20","targetHints":{"allow":["GET"]}}],"collection":[{"href":"https:\/\/98win.photo\/index.php?rest_route=\/wp\/v2\/pages"}],"about":[{"href":"https:\/\/98win.photo\/index.php?rest_route=\/wp\/v2\/types\/page"}],"author":[{"embeddable":true,"href":"https:\/\/98win.photo\/index.php?rest_route=\/wp\/v2\/users\/1"}],"replies":[{"embeddable":true,"href":"https:\/\/98win.photo\/index.php?rest_route=%2Fwp%2Fv2%2Fcomments&post=20"}],"version-history":[{"count":16,"href":"https:\/\/98win.photo\/index.php?rest_route=\/wp\/v2\/pages\/20\/revisions"}],"predecessor-version":[{"id":81,"href":"https:\/\/98win.photo\/index.php?rest_route=\/wp\/v2\/pages\/20\/revisions\/81"}],"wp:attachment":[{"href":"https:\/\/98win.photo\/index.php?rest_route=%2Fwp%2Fv2%2Fmedia&parent=20"}],"curies":[{"name":"wp","href":"https:\/\/api.w.org\/{rel}","templated":true}]}}